{"id":53,"date":"2025-01-20T11:36:57","date_gmt":"2025-01-20T10:36:57","guid":{"rendered":"https:\/\/compagnielessignatures.com\/?page_id=53"},"modified":"2025-01-22T07:22:14","modified_gmt":"2025-01-22T06:22:14","slug":"manon-roland-une-vie-de-passions-2019","status":"publish","type":"page","link":"https:\/\/compagnielessignatures.com\/?page_id=53","title":{"rendered":"MANON ROLAND, UNE VIE DE PASSIONS (2019)"},"content":{"rendered":"<div class=\"wp-block-image\">\n<figure class=\"aligncenter size-medium\"><img loading=\"lazy\" decoding=\"async\" width=\"238\" height=\"300\" src=\"https:\/\/compagnielessignatures.com\/wp-content\/uploads\/2025\/01\/image-2-238x300.png\" alt=\"\" class=\"wp-image-54\" srcset=\"https:\/\/compagnielessignatures.com\/wp-content\/uploads\/2025\/01\/image-2-238x300.png 238w, https:\/\/compagnielessignatures.com\/wp-content\/uploads\/2025\/01\/image-2.png 768w\" sizes=\"auto, (max-width: 238px) 100vw, 238px\" \/><\/figure>\n<\/div>\n\n\n<p>\u00c0 partir des m\u00e9moires de Manon Roland et d\u2019extraits de ses lettres adress\u00e9es aux s\u0153urs Cannet, \u00e0 son mari, \u00e0 sa fille Eudora, au roi Louis XVI, \u00e0 ses amis de la Gironde, \u00e0 Robespierre et \u00e0 Fran\u00e7ois Buzot dont elle s\u2019\u00e9prend peu de temps avant de mourir, la compagnie Les Signatures a con\u00e7u une lecture-spectacle retra\u00e7ant le parcours de cette fille des Lumi\u00e8res \u00e0 la personnalit\u00e9 hors du commun, de son enfance petite-bourgeoise \u00e0 sa mort en h\u00e9ro\u00efne de la R\u00e9volution Fran\u00e7aise.<\/p>\n\n\n\n<p>Lieux et dates des repr\u00e9sentations<br>\u2013 A l\u2019auditorium de la MGEN, \u00e0 Paris, le&nbsp;<strong>7 novembre 2019<\/strong>,<br>\u2013 Avec la Fondation d\u2019entreprise La Poste au th\u00e9\u00e2tre Raspail, \u00e0 Paris, le&nbsp;<strong>19 novembre 2019<\/strong>.<br>La&nbsp;<a href=\"https:\/\/compagnielessignatures.com\/index.php\/2024\/06\/22\/manon-roland-compagnie-les-signatures\/\">premi\u00e8re<\/a>&nbsp;a eu lieu le 16 juin 2019 \u00e0 Theiz\u00e9 en Beaujolais, au pays des Pierres Dor\u00e9es o\u00f9 Manon r\u00e9sida pendant plusieurs ann\u00e9es.<\/p>\n\n\n\n<p>Distribution<strong><br>Catherine Sauval<\/strong>, pensionnaire puis soci\u00e9taire de la Com\u00e9die-Fran\u00e7aise pendant 32 ans, dans le r\u00f4le de Manon,<br><strong>Alain Payen<\/strong>, com\u00e9dien (troupe du Th\u00e9\u00e2tre de la Huchette), dans le r\u00f4le de Jean-Marie Roland,<br><strong>Stany A\u00efat<\/strong>, com\u00e9dien dans le r\u00f4le du girondin Fran\u00e7ois Buzot,<br><strong>Alain Ghazal<\/strong>, com\u00e9dien voix-off, r\u00e9citant,<br>Avec la participation de&nbsp;<strong>Fran\u00e7oise Gillard<\/strong>, soci\u00e9taire de la Com\u00e9die-Fran\u00e7aise.<\/p>\n\n\n\n<p>Choix des lettres, montage et conception des textes de liaison :&nbsp;<strong>Marc Sebbah<\/strong>,&nbsp;<strong>Marion Baude<\/strong>,&nbsp;<strong>Nelly Antoine<\/strong>.<\/p>\n\n\n\n<p>Manon na\u00eet le 17 mars 1754 dans une famille de la petite bourgeoisie de l\u2019\u00eele de la Cit\u00e9. Elle re\u00e7oit une \u00e9ducation artistique, musicale et religieuse. Croyante, elle entre \u00e0 11 ans \u00e0 la Congr\u00e9gation Notre Dame, pour pr\u00e9parer sa premi\u00e8re communion. C\u2019est l\u00e0 qu\u2019elle se lie avec Henriette et Sophie Cannet, issues d\u2019une famille bourgeoise d\u2019Amiens, avec lesquelles elle \u00e9changera plus de 250 lettres.<br>La jeune fille est pourvue d\u2019une intelligence et d\u2019une m\u00e9moire exceptionnelles. D\u00e8s l\u2019\u00e2ge de 8 ans, elle se passionne pour les&nbsp;<em>Hommes illustres<\/em>&nbsp;de Plutarque. Elle d\u00e9couvrira plus tard Voltaire, Bayle, Montesquieu, D\u2019Alembert, Diderot, Buffon, Helv\u00e9tius, l\u2019abb\u00e9 Raynal, puis Jean-Jacques Rousseau qu\u2019elle admire plus que tout autre. Cette boulimie de lectures, ce vagabondage litt\u00e9raire, loin de tout enseignement institutionnel, lui permirent de forger son caract\u00e8re et de diriger sa pens\u00e9e et son action. Manon Roland, fille des Lumi\u00e8res.<\/p>\n\n\n\n<p>S\u00e9duisante, cultiv\u00e9e, Manon est une jeune fille vertueuse et courtis\u00e9e. En janvier 1776, elle entre en relation, gr\u00e2ce \u00e0 ses amies Cannet, avec un inspecteur des manufactures en poste \u00e0 Amiens, Jean-Marie Roland de la Plati\u00e8re, \u00e2g\u00e9 de 42 ans. Apr\u00e8s une longue et difficultueuse p\u00e9riode de fian\u00e7ailles, ils se marient le 4 f\u00e9vrier 1780 \u00e0 Paris. Leur fille Eudora na\u00eet en 1781.<\/p>\n\n\n\n<p>On peut d\u00e9couvrir, gr\u00e2ce \u00e0 ses centaines de lettres et ses milliers de pages \u2013 adress\u00e9es \u00e0 sa famille, \u00e0 son mari, aux s\u0153urs Cannet, \u00e0 ses amis de la Gironde, \u00e0 Robespierre, au roi et m\u00eame au pape \u2013 toute la vie de passions de Manon Roland : passion de l\u2019\u00e9criture, de la musique, de la nature, de la philosophie, amour du bien public et refus des in\u00e9galit\u00e9s. D\u00e8s 1791, Manon Roland s\u2019engage jusqu\u2019au bout :<em>&nbsp;La r\u00e9volution survint et nous enflamma\u2026 On vit ici dix ans en vingt quatre heures<\/em>, dit-elle.<\/p>\n\n\n<div class=\"wp-block-image\">\n<figure class=\"alignleft size-medium\"><img loading=\"lazy\" decoding=\"async\" width=\"196\" height=\"300\" src=\"https:\/\/compagnielessignatures.com\/wp-content\/uploads\/2025\/01\/image-3-196x300.png\" alt=\"\" class=\"wp-image-55\" srcset=\"https:\/\/compagnielessignatures.com\/wp-content\/uploads\/2025\/01\/image-3-196x300.png 196w, https:\/\/compagnielessignatures.com\/wp-content\/uploads\/2025\/01\/image-3.png 592w\" sizes=\"auto, (max-width: 196px) 100vw, 196px\" \/><\/figure>\n<\/div>\n\n\n<p>Comme l\u2019\u00e9crit Mona Ozouf, c\u2019est cet \u201cintol\u00e9rable orage qui monte tout au long de la r\u00e9volution et n\u2019en finit pas d\u2019\u00e9clater\u201d que les m\u00e9moires et la correspondance de Manon Roland nous permettent de parcourir : les deux minist\u00e8res de son mari aupr\u00e8s de Louis XVI, l\u2019ex\u00e9cution du roi, la lutte avec La Montagne et la chute de la Gironde, la fuite de Jean-Marie Roland, celle de Fran\u00e7ois Buzot qu\u2019elle ch\u00e9rit et&nbsp;<em>n\u2019ose nommer<\/em>, son emprisonnement et ses derniers jours \u00e0 Sainte-P\u00e9lagie.<\/p>\n\n\n\n<p>Et ce, sous la plume d\u2019une v\u00e9ritable \u00e9crivaine attach\u00e9e \u00e0 pr\u00e9server jusqu\u2019au bout \u201cl\u2019exercice illimit\u00e9 de sa libert\u00e9 et de sa pens\u00e9e\u201d. Manon Roland fut guillotin\u00e9e le 8 novembre 1793, quelques mois apr\u00e8s Louis XVI, quelques jours apr\u00e8s Marie-Antoinette. Fin juillet 1794 vit la fin de la \u201cTerreur\u201d.<\/p>\n\n\n\n<p><em>18 Brumaire \u2013 Tribunal criminel r\u00e9volutionnaire \u00e9tabli par la Loi du 10 mars 1793, l\u2019an 2e de la R\u00e9publique. L\u2019ex\u00e9cuteur des Jugements criminels ne fera faute de se rendre aujourd\u2019hui \u00e0 la Maison de Justice pour y mettre \u00e0 ex\u00e9cution le jugement qui condamne Mme Roland et Lamarche \u00e0 la peine de mort. L\u2019ex\u00e9cution aura lieu \u00e0 trois heures et demie du soir sur la place de la R\u00e9volution. L\u2019Accusateur public, Fouquier-Tinville<\/em><\/p>\n\n\n\n<p>La Compagnie Les Signatures remercie la Fondation d\u2019entreprise La Poste et la Mutuelle G\u00e9n\u00e9rale de l\u2019Education nationale (MGEN) pour leur soutien.<\/p>\n\n\n<div class=\"wp-block-image\">\n<figure class=\"aligncenter size-full\"><img loading=\"lazy\" decoding=\"async\" width=\"793\" height=\"204\" src=\"https:\/\/compagnielessignatures.com\/wp-content\/uploads\/2025\/01\/image-4.png\" alt=\"\" class=\"wp-image-56\" srcset=\"https:\/\/compagnielessignatures.com\/wp-content\/uploads\/2025\/01\/image-4.png 793w, https:\/\/compagnielessignatures.com\/wp-content\/uploads\/2025\/01\/image-4-300x77.png 300w, https:\/\/compagnielessignatures.com\/wp-content\/uploads\/2025\/01\/image-4-768x198.png 768w\" sizes=\"auto, (max-width: 793px) 100vw, 793px\" \/><\/figure>\n<\/div>\n\n\n<p>Bibliographie<br>Claude Perroud,&nbsp;<em>Lettres de Manon Roland<\/em>&nbsp;(Librairie Leroux 1900-1915),<br><em>M\u00e9moires<\/em>&nbsp;(Mercure de France 2004),<br>Madeleine Cl\u00e9menceau-Jacquemaire,&nbsp;<em>Vie de Madame Roland<\/em>&nbsp;(Editions Jules Tallandier \u2013 1929),<br>Mona Ozouf,&nbsp;<em>Les Mots des femmes<\/em>&nbsp;(Editions Gallimard \u2013 1995),<br>Martine Sonnet,&nbsp;<em>Lire par dessus l\u2019\u00e9paule de Manon Roland<\/em>&nbsp;(2012),&nbsp;<em>L\u2019Education des filles au temps des lumi\u00e8res<\/em>&nbsp;(Edition du Cerf \u2013 2014),<br>Pierre Cornut-Gentille,&nbsp;<em>Madame Roland, une femme en r\u00e9volution<\/em>&nbsp;(Tempus 2015).<\/p>\n","protected":false},"excerpt":{"rendered":"<p>\u00c0 partir des m\u00e9moires de Manon Roland et d\u2019extraits de ses lettres adress\u00e9es aux s\u0153urs Cannet, \u00e0 son mari, \u00e0 sa fille Eudora, au roi Louis XVI, \u00e0 ses amis de la Gironde, \u00e0 Robespierre et \u00e0 Fran\u00e7ois Buzot dont elle s\u2019\u00e9prend peu de temps avant de mourir, la compagnie Les Signatures a con\u00e7u une&hellip; <\/p>\n","protected":false},"author":1,"featured_media":54,"parent":0,"menu_order":0,"comment_status":"closed","ping_status":"closed","template":"","meta":{"footnotes":""},"class_list":["post-53","page","type-page","status-publish","has-post-thumbnail","hentry"],"_links":{"self":[{"href":"https:\/\/compagnielessignatures.com\/index.php?rest_route=\/wp\/v2\/pages\/53","targetHints":{"allow":["GET"]}}],"collection":[{"href":"https:\/\/compagnielessignatures.com\/index.php?rest_route=\/wp\/v2\/pages"}],"about":[{"href":"https:\/\/compagnielessignatures.com\/index.php?rest_route=\/wp\/v2\/types\/page"}],"author":[{"embeddable":true,"href":"https:\/\/compagnielessignatures.com\/index.php?rest_route=\/wp\/v2\/users\/1"}],"replies":[{"embeddable":true,"href":"https:\/\/compagnielessignatures.com\/index.php?rest_route=%2Fwp%2Fv2%2Fcomments&post=53"}],"version-history":[{"count":4,"href":"https:\/\/compagnielessignatures.com\/index.php?rest_route=\/wp\/v2\/pages\/53\/revisions"}],"predecessor-version":[{"id":4317,"href":"https:\/\/compagnielessignatures.com\/index.php?rest_route=\/wp\/v2\/pages\/53\/revisions\/4317"}],"wp:featuredmedia":[{"embeddable":true,"href":"https:\/\/compagnielessignatures.com\/index.php?rest_route=\/wp\/v2\/media\/54"}],"wp:attachment":[{"href":"https:\/\/compagnielessignatures.com\/index.php?rest_route=%2Fwp%2Fv2%2Fmedia&parent=53"}],"curies":[{"name":"wp","href":"https:\/\/api.w.org\/{rel}","templated":true}]}}