{"id":42,"date":"2025-01-20T11:32:59","date_gmt":"2025-01-20T10:32:59","guid":{"rendered":"https:\/\/compagnielessignatures.com\/?page_id=42"},"modified":"2025-01-21T11:36:55","modified_gmt":"2025-01-21T10:36:55","slug":"parce-que-jen-avais-besoin-2019","status":"publish","type":"page","link":"https:\/\/compagnielessignatures.com\/?page_id=42","title":{"rendered":"PARCE QUE J\u2019EN AVAIS BESOIN (2019)"},"content":{"rendered":"\n<figure class=\"wp-block-embed is-type-video is-provider-youtube wp-block-embed-youtube wp-embed-aspect-16-9 wp-has-aspect-ratio\"><div class=\"wp-block-embed__wrapper\">\n<iframe loading=\"lazy\" title=\"Teaser Parce que j&#039;en avais besoin\" width=\"790\" height=\"444\" src=\"https:\/\/www.youtube.com\/embed\/gXcl2VVnfPs?feature=oembed\" frameborder=\"0\" allow=\"accelerometer; autoplay; clipboard-write; encrypted-media; gyroscope; picture-in-picture; web-share\" referrerpolicy=\"strict-origin-when-cross-origin\" allowfullscreen><\/iframe>\n<\/div><\/figure>\n\n\n\n<p>Sur une id\u00e9e originale de Fran\u00e7oise GILLARD, le spectacle&nbsp;<em>Parce que j\u2019en avais&nbsp;<\/em><em>besoin<\/em>&nbsp;s\u2019inscrit dans une profonde recherche sur le mouvement, d\u00e9but\u00e9e en 2011 avec le solo&nbsp;<em>Signature<\/em>&nbsp;que Fran\u00e7oise Gillard avait \u00e9crit et dans\u00e9 au Th\u00e9\u00e2tre du Vieux-Colombier\/Com\u00e9die-Fran\u00e7aise \u00e0 Paris.&nbsp;Ce<strong>&nbsp;<\/strong>spectacle a pour ambition de raconter \u00e0 travers les gestes et la \u201cphysicalit\u00e9\u201d de deux com\u00e9diens, Benjamin JUNGERS et Julien LEMONNIER, les relations d\u2019amiti\u00e9, le besoin qui est en chacun d\u2019entre nous de les entretenir ou non, au fil du temps qui passe.<\/p>\n\n\n\n<p>Acteurs l\u2019un et l\u2019autre, amis d\u2019enfance, Benjamin et Julien n\u2019avaient pas eu jusqu\u2019ici la chance de partager la m\u00eame sc\u00e8ne. Fran\u00e7oise Gillard, soci\u00e9taire de la Com\u00e9die Fran\u00e7aise, leur propose d\u2019inventer avec elle, ainsi qu\u2019avec deux musiciens, Florence HENNEQUIN et Yannick GONZALEZ, un langage pour dire l\u2019amiti\u00e9 : l\u2019exigence qu\u2019elle r\u00e9clame, la confiance qu\u2019elle suppose, la bienveillance et de la vigilance qu\u2019elle exige, le r\u00e9confort enfin qu\u2019elle nous apporte.<br>L\u2019originalit\u00e9 de&nbsp;<em>Parce que j\u2019en avais besoin<\/em>&nbsp;tient au r\u00f4le essentiel, quasi-exclusif de la gestuelle et de la musique, sans aucun usage des mots ni des figures cod\u00e9es de la danse. \u201cCe qui n\u2019est pas verbal peut se transformer en un langage tr\u00e8s expressif. Le mouvement est parfois bien plus fort que la parole.\u201d pr\u00e9cise Fran\u00e7oise Gillard. Qui ajoute&nbsp;: \u201cLe silence et les propositions des corps abritent bien des dialogues\u201d.<br>Ce spectacle a \u00e9t\u00e9 donn\u00e9 les 11, 12 et 13 mars 2019 \u00e0 la Maison des Arts de Cr\u00e9teil (MAC) et les 19, 20, 21, 22 et 23 mars 2019 au th\u00e9\u00e2tre des Bernardines \u00e0 Marseille.<\/p>\n\n\n\n<p class=\"has-text-align-center\">Dossier de presse<\/p>\n\n\n\n<p class=\"has-text-align-center\"><strong>Conception et mise en sc\u00e8ne\u00a0<\/strong>:\u00a0Fran\u00e7oise GILLARD<\/p>\n\n\n<div class=\"wp-block-image\">\n<figure class=\"aligncenter size-large\"><img loading=\"lazy\" decoding=\"async\" width=\"1024\" height=\"627\" src=\"https:\/\/compagnielessignatures.com\/wp-content\/uploads\/2025\/01\/photo-Francoise-de-Simon-Larvaron-1024x627.jpg\" alt=\"\" class=\"wp-image-44\" srcset=\"https:\/\/compagnielessignatures.com\/wp-content\/uploads\/2025\/01\/photo-Francoise-de-Simon-Larvaron-1024x627.jpg 1024w, https:\/\/compagnielessignatures.com\/wp-content\/uploads\/2025\/01\/photo-Francoise-de-Simon-Larvaron-300x184.jpg 300w, https:\/\/compagnielessignatures.com\/wp-content\/uploads\/2025\/01\/photo-Francoise-de-Simon-Larvaron-768x471.jpg 768w, https:\/\/compagnielessignatures.com\/wp-content\/uploads\/2025\/01\/photo-Francoise-de-Simon-Larvaron-1536x941.jpg 1536w, https:\/\/compagnielessignatures.com\/wp-content\/uploads\/2025\/01\/photo-Francoise-de-Simon-Larvaron.jpg 1580w\" sizes=\"auto, (max-width: 1024px) 100vw, 1024px\" \/><\/figure>\n<\/div>\n\n\n<p class=\"has-text-align-center\"><strong>Fran\u00e7oise Gillard<\/strong>&nbsp;se forme au Conservatoire royal de Bruxelles, dans la classe de Pierre Laroche ; elle en sort en 1995 avec un premier prix d\u2019interpr\u00e9tation et d\u00e9j\u00e0 quelques productions professionnelles \u00e0 son actif en Belgique. En 1996, elle joue dans&nbsp;<em>Un mari id\u00e9al<\/em>&nbsp;d\u2019Oscar Wilde mis en sc\u00e8ne par Adrian Brine (au Th\u00e9\u00e2tre Antoine puis en tourn\u00e9e). En novembre 1997, Jean-Pierre Miquel l\u2019engage dans la troupe de la Com\u00e9die-Fran\u00e7aise pour y interpr\u00e9ter Thomasina Coverly dans&nbsp;<em>Arcadia<\/em>&nbsp;de Tom Stoppard mise en sc\u00e8ne par Philippe Adrien au Th\u00e9\u00e2tre du Vieux-Colombier. En janvier 2002, elle est nomm\u00e9e 507e soci\u00e9taire de la Com\u00e9die-Fran\u00e7aise et travaille sous les directions de Simon Eine, Andrzej Seweryn, Jacques Lassalle, Lukas Hemleb, Robert Wilson, Lars Nor\u00e9n, Oskaras Kor\u0161unovas, Denis Podalyd\u00e8s, Lee Breuer, \u00c9ric Ruf, Denis Marleau, Marc Paquien ou encore Anne Kessler. Elle participe \u00e9galement au spectacle&nbsp;<em>Tu<\/em>&nbsp;d\u2019Olivier Meyrou et Mathias Pilet et collabore avec le danseur et circassien Damien Fournier ; elle m\u00e8ne une carri\u00e8re au cin\u00e9ma et \u00e0 la t\u00e9l\u00e9vision sous les directions d\u2019Alain Resnais, Jane Labrune, Emmanuel Bourdieu, Bruno Podalyd\u00e8s, Aki Yamamoto, Anne Kessler, Benjamin Jungers, Jean-Daniel Verhaeghe, Alain Tasma\u2026 Fran\u00e7oise Gillard obtient en 2000 le prix de la meilleure com\u00e9dienne d\u00e9cern\u00e9 par le Syndicat de la critique pour son r\u00f4le d\u2019Alarica dans&nbsp;<em>Le mal court&nbsp;<\/em>d\u2019Audiberti. En 2002, elle re\u00e7oit le prix Suzanne-Bianchetti de la SACD ainsi que le Coq de Cristal de la personnalit\u00e9 belge de l\u2019ann\u00e9e et, en 2013, le prix Beaumarchais du Figaro de la meilleure com\u00e9dienne pour le r\u00f4le-titre dans&nbsp;<em>Antigone<\/em>&nbsp;d\u2019Anouilh. La saison pass\u00e9e,&nbsp;<em>Les Enfants du silence<\/em>&nbsp;par Anne-Marie Etienne au Th\u00e9\u00e2tre Antoine lui valent une nomination aux Moli\u00e8res 2017 (cat\u00e9gorie meilleure Com\u00e9dienne dans un spectacle de Th\u00e9\u00e2tre public). Elle cr\u00e9e ensuite&nbsp;<em>L\u2019\u00e9v\u00e9nement<\/em>&nbsp;d\u2019Annie Ernaux mis en sc\u00e8ne par Denis Podalyd\u00e8s au Studio-Th\u00e9\u00e2tre. Apr\u00e8s la tourn\u00e9e de&nbsp;<em>20 000 lieues sous les mers<\/em>&nbsp;d\u2019apr\u00e8s Jules Verne, adapt\u00e9 et mis en sc\u00e8ne par Christian Hecq et Val\u00e9rie Lesort, Fran\u00e7oise Gillard joue Salle Richelieu dans&nbsp;<em>Poussi\u00e8re<\/em>&nbsp;\u00e9crit et mis en sc\u00e8ne par Lars Nor\u00e9n. Cette saison on peut l\u2019applaudir dans&nbsp;<em>La Locandiera<\/em>&nbsp;de Carlo Goldoni par Alain Fran\u00e7on,&nbsp;<em>Hors la loi<\/em>&nbsp;de et par Pauline Bureau et dans la reprise de&nbsp;<em>20 000 lieues sous les mers<\/em>.<\/p>\n\n\n\n<p class=\"has-text-align-center\"><strong>Com\u00e9diens<\/strong>&nbsp;:<strong>&nbsp;<\/strong>Benjamin JUNGERS ; Julien LEMONNIER<\/p>\n\n\n<div class=\"wp-block-image\">\n<figure class=\"alignleft size-medium\"><img loading=\"lazy\" decoding=\"async\" width=\"300\" height=\"200\" src=\"https:\/\/compagnielessignatures.com\/wp-content\/uploads\/2025\/01\/Benjamin-au-milieu-des-autres--300x200.jpg\" alt=\"\" class=\"wp-image-45\" srcset=\"https:\/\/compagnielessignatures.com\/wp-content\/uploads\/2025\/01\/Benjamin-au-milieu-des-autres--300x200.jpg 300w, https:\/\/compagnielessignatures.com\/wp-content\/uploads\/2025\/01\/Benjamin-au-milieu-des-autres-.jpg 768w\" sizes=\"auto, (max-width: 300px) 100vw, 300px\" \/><\/figure>\n<\/div>\n\n\n<p>Apr\u00e8s s\u2019\u00eatre form\u00e9 au&nbsp;Conservatoire national sup\u00e9rieur d\u2019art dramatique de Paris,&nbsp;<strong>Benjamin Jungers<\/strong>&nbsp;int\u00e8gre la troupe de la Com\u00e9die-Fran\u00e7aise de 2007 \u00e0 2015. Il y multiplie les r\u00f4les, dirig\u00e9 par des metteurs en sc\u00e8ne tels que Christophe Rauck (il est Ch\u00e9rubin dans&nbsp;<em>Le Mariage de Figaro<\/em>&nbsp;de Beaumarchais), Fausto Paravidino (Gianni dans&nbsp;<em>La Maladie de la famille M<\/em>&nbsp;de Paravidino, pour lequel il est nomm\u00e9 \u00ab jeune talent masculin \u00bb aux Moli\u00e8res 2011), Catherine Hiegel (Cl\u00e9ante dans&nbsp;<em>L\u2019Avare de Moli\u00e8re<\/em>), Lilo Baur (Gorin dans&nbsp;<em>La T\u00eate des autres<\/em>&nbsp;de Marcel Aym\u00e9), Christian Benedetti (X dans<em>Existence&nbsp;<\/em>d\u2019Edward Bond). Il danse \u00e9galement dans&nbsp;<em>L\u2019Autre<\/em>, spectacle chor\u00e9graphi\u00e9 par Fran\u00e7oise Gillard et Claire Richard.<br>Puis il quitte la Com\u00e9die-Fran\u00e7aise en 2015. Depuis, il a interpr\u00e9t\u00e9 Octave dans&nbsp;<em>Les Fourberies de Scapin<\/em>&nbsp;de Moli\u00e8re mises en sc\u00e8ne par Marc Paquien, Lui dans&nbsp;<em>L\u2019Autre<\/em>&nbsp;de Florian Zeller par Thibault Ameline, Clitandre dans&nbsp;<em>Les Femmes savantes<\/em>&nbsp;de Moli\u00e8re par Catherine Hiegel, Arlequin dans&nbsp;<em>Les Jumeaux v\u00e9nitiens<\/em>&nbsp;de Goldoni par Jean-Louis Benoit au Th\u00e9\u00e2tre H\u00e9bertot.<br>Benjamin Jungers s\u2019int\u00e9resse \u00e0 l\u2019\u00e9criture et \u00e0 la mise en sc\u00e8ne ; il \u00e9crit les textes qu\u2019il interpr\u00e8te lui-m\u00eame \u00e0 l\u2019occasion de deux Cartes blanches au Th\u00e9\u00e2tre du Vieux-Colombier (2008 et 2012). En 2014, il met en sc\u00e8ne&nbsp;<em>L\u2019\u00cele des esclaves<\/em>&nbsp;de Marivaux au Studio-Th\u00e9\u00e2tre et r\u00e9alise&nbsp;<em>Comme ils s\u2019en vont<\/em>, son premier court-m\u00e9trage. Fort de sa carri\u00e8re th\u00e9\u00e2trale, Benjamin s\u2019illustre au cin\u00e9ma (<em>Hellphone<\/em>&nbsp;de James Hut, 2006), ainsi qu\u2019\u00e0 la t\u00e9l\u00e9vision (<em>Le Boeuf clandestin<\/em>&nbsp;r\u00e9alis\u00e9 par G\u00e9rard Jourd\u2019hui,&nbsp;<em>Les affaires sont les affaires<\/em>&nbsp;par Philippe B\u00e9renger,&nbsp;<em>Rapace&nbsp;<\/em>par Claire Devers). On a pu le voir plus r\u00e9cemment dans&nbsp;<em>Cessez le feu<\/em>, film d\u2019Emmanuel Courcol.<\/p>\n\n\n<div class=\"wp-block-image\">\n<figure class=\"alignright size-medium\"><img loading=\"lazy\" decoding=\"async\" width=\"300\" height=\"223\" src=\"https:\/\/compagnielessignatures.com\/wp-content\/uploads\/2025\/01\/Julien-et-Florence-cutcut-300x223.jpg\" alt=\"\" class=\"wp-image-46\" srcset=\"https:\/\/compagnielessignatures.com\/wp-content\/uploads\/2025\/01\/Julien-et-Florence-cutcut-300x223.jpg 300w, https:\/\/compagnielessignatures.com\/wp-content\/uploads\/2025\/01\/Julien-et-Florence-cutcut.jpg 768w\" sizes=\"auto, (max-width: 300px) 100vw, 300px\" \/><\/figure>\n<\/div>\n\n\n<p>Dipl\u00f4m\u00e9 du d\u00e9partement th\u00e9\u00e2tre de l\u2019Institut des Arts de Diffusion<strong>&nbsp;<\/strong>(IAD, Belgique, 2009),&nbsp;<strong>Julien Lemonnier<\/strong>&nbsp;rencontre tout d\u2019abord Dominique Serron et la troupe de l\u2019Infini Th\u00e9\u00e2tre ; il joue dans&nbsp;<em>La Princesse Turandot<\/em>, o\u00f9 il apprend le jeu dans\u00e9 avec des masques pleins.<br>Il a depuis encha\u00een\u00e9 les r\u00f4les dans des pi\u00e8ces classiques (<em>Les Femmes savantes<\/em>&nbsp;de Moli\u00e8re,&nbsp;<em>Le Roi Lear<\/em>&nbsp;de Shakespeare ou encore&nbsp;<em>Le Cid<\/em>&nbsp;de Corneille) et contemporaines (<em>Et la nuit chante<\/em>&nbsp;de Jon Fosse,&nbsp;<em>Tristesse Animal Noir<\/em>&nbsp;d\u2019Anja Hilling,&nbsp;<em>Un air de famille<\/em>d\u2019Agn\u00e8s Jaoui et Jean-Pierre Bacri,&nbsp;<em>Brooklyn Boy<\/em>&nbsp;de Donald Margulies). Il a travaill\u00e9 dans de nombreux th\u00e9\u00e2tres en Belgique (Th\u00e9\u00e2tre des Martyrs, Atelier Th\u00e9\u00e2tre Jean Vilar, Th\u00e9\u00e2tre Varia, Th\u00e9\u00e2tre le Public, Centre culturel des Riches-Claires, Th\u00e9\u00e2tre du Parc), avec des metteurs en sc\u00e8ne comme Georges Lini, Armand Delcampe, \u00c9ric de Staercke, Fr\u00e9d\u00e9ric Ruymen, Yoshi Oida, Marcel Delval, Olivier Leborgne, Jordane Veya).<br>Il a \u00e9galement chant\u00e9 et jou\u00e9 au Palais des Beaux-Arts de Charleroi ainsi qu\u2019\u00e0 l\u2019Op\u00e9ra Royal de Li\u00e8ge dans l\u2019op\u00e9rette&nbsp;<em>L\u2019Auberge du Cheval Blanc<\/em>.<br>En 2015, il cr\u00e9e la compagnie PHOS\/PHOR avec la com\u00e9dienne Camille Sansterre avec qui il co-met en sc\u00e8ne&nbsp;<em>La Compatibilit\u00e9 du cam\u00e9l\u00e9on<\/em>, une cr\u00e9ation sur la th\u00e9matique de la r\u00e9insertion des d\u00e9tenus, pr\u00e9sent\u00e9e au Th\u00e9\u00e2tre de la Vie en janvier 2018 \u00e0 Bruxelles puis en tourn\u00e9e ensuite.<br>Parall\u00e8lement \u00e0 \u00e7a, il a \u00e9galement donn\u00e9 par deux fois le stage de masque neutre \u00e0 l\u2019IAD et a anim\u00e9 quelques ateliers de th\u00e9\u00e2tre pour adolescents.<br>Enfin, Julien est \u00e9galement compositeur et musicien ; il a r\u00e9alis\u00e9, au piano ou en musique \u00e9lectro, les bandes-son des spectacles&nbsp;<em>Alice<\/em>,&nbsp;<em>Too big for the stage, Postiches<\/em>&nbsp;et&nbsp;<em>Les Nuits blanches.&nbsp;<\/em>Cette saison il cr\u00e9era les bandes sons des spectacles&nbsp;<em>Rigor Mortis&nbsp;<\/em>d\u2019Ahmed Ayed \u00e0 l\u2019Atelier 210, et<em>&nbsp;Tom<\/em>, spectacle jeune public \u00e9crit par St\u00e9phanie Mangez et mis en sc\u00e8ne par Olivier Lenel.<\/p>\n\n\n\n<p class=\"has-text-align-center\"><strong>Interpr\u00e8tes<\/strong>&nbsp;: Florence HENNEQUIN (violoncelle) ; Yannick GONZALEZ (clarinette basse et percussions)<\/p>\n\n\n<div class=\"wp-block-image\">\n<figure class=\"alignleft size-medium\"><img loading=\"lazy\" decoding=\"async\" width=\"300\" height=\"239\" src=\"https:\/\/compagnielessignatures.com\/wp-content\/uploads\/2025\/01\/Florence-Hennequin-2-300x239.jpg\" alt=\"\" class=\"wp-image-47\" srcset=\"https:\/\/compagnielessignatures.com\/wp-content\/uploads\/2025\/01\/Florence-Hennequin-2-300x239.jpg 300w, https:\/\/compagnielessignatures.com\/wp-content\/uploads\/2025\/01\/Florence-Hennequin-2.jpg 500w\" sizes=\"auto, (max-width: 300px) 100vw, 300px\" \/><\/figure>\n<\/div>\n\n\n<p>Apr\u00e8s ses \u00e9tudes au&nbsp;Conservatoire National de Paris,&nbsp;<strong>Florence Hennequin&nbsp;<\/strong>entre \u00e0 l\u2019Orchestre R\u00e9gional de Bretagne. Apr\u00e8s six ann\u00e9es de musique symphonique, elle regagne Paris et s\u2019ouvre \u00e0 de nouveaux horizons musicaux, jouant op\u00e9ras, ballets et concerts classiques \u00e0 l\u2019Op\u00e9ra National de Paris, \u00e0 l\u2019Orchestre National de Lille et au sein de nombreux ensembles, en passant par la musique ethnique, le tango argentin et le th\u00e9\u00e2tre musical (notamment&nbsp;<em>Le Roi Lion<\/em>&nbsp;au Th\u00e9\u00e2tre Mogador).<br>Elle accompagne \u00e9galement les com\u00e9diens de la Com\u00e9die-Fran\u00e7aise dans le&nbsp;<em>Cabaret \u202aBoris Vian\u202c<\/em>&nbsp;dirig\u00e9 par Serge Bagdassarian au Studio-Th\u00e9\u00e2tre puis interpr\u00e8te le spectacle&nbsp;<em>Ferr\u00e9, Ferrat, Farr\u00e9<\/em>&nbsp;au aux c\u00f4t\u00e9s du com\u00e9dien Jean-Paul Farr\u00e9. Elle joue ensuite au Th\u00e9\u00e2tre du Ch\u00e2telet (<em>A Flowering Tree&nbsp;<\/em>de John Adams), \u00e0 l\u2019Op\u00e9ra Garnier au sein de l\u2019Orchestre National de l\u2019Op\u00e9ra de Paris, et au Th\u00e9\u00e2tre Mogador (<em>Le Bal des vampires<\/em>&nbsp;mis en sc\u00e8ne par Roman Polanski).<br>Elle se produit la saison pass\u00e9e dans le spectacle de danse hip-hop&nbsp;<em>Corps pour Corps<\/em>, et&nbsp;<em>D\u2019Amsterdam \u00e0 Vesoul<\/em>&nbsp;en hommage \u00e0 Jacques Brel.<br>Elle vient d\u2019enregistrer le dernier album de Lenny Kravitz, de Lisa Simone, et celui d\u2019Omar P\u00e8ne, star de la chanson S\u00e9n\u00e9galaise. Pour accompagner une nouvelle fois les com\u00e9diens de la Com\u00e9die-Fran\u00e7aise dans le spectacle&nbsp;<em>Dialogues de g\u00e9ants<\/em>&nbsp;mont\u00e9 par la Compagnie Les Signatures, elle arrange puis en interpr\u00e8te la musique. Elle vient de cr\u00e9er le spectacle&nbsp;<em>El\u00e9mentaire, mon cher !<\/em>&nbsp;au sein du Cr\u00e9a, dirig\u00e9 par Didier Grosjean, musique originale de Thierry Boulanger. Cet automne, elle a donn\u00e9 au Japon une s\u00e9rie de quinze concerts en hommage \u00e0 \u202aFrancis Lai\u202c.<\/p>\n\n\n<div class=\"wp-block-image\">\n<figure class=\"alignright size-medium\"><img loading=\"lazy\" decoding=\"async\" width=\"300\" height=\"300\" src=\"https:\/\/compagnielessignatures.com\/wp-content\/uploads\/2025\/01\/yannick-gonzalez-300x300.jpeg\" alt=\"\" class=\"wp-image-48\" srcset=\"https:\/\/compagnielessignatures.com\/wp-content\/uploads\/2025\/01\/yannick-gonzalez-300x300.jpeg 300w, https:\/\/compagnielessignatures.com\/wp-content\/uploads\/2025\/01\/yannick-gonzalez-150x150.jpeg 150w, https:\/\/compagnielessignatures.com\/wp-content\/uploads\/2025\/01\/yannick-gonzalez.jpeg 440w\" sizes=\"auto, (max-width: 300px) 100vw, 300px\" \/><\/figure>\n<\/div>\n\n\n<p><strong>Yannick Gonzalez<\/strong>&nbsp;est sorti du TNS en juin 2017. Il y a notamment travaill\u00e9 avec Alain Fran\u00e7on, Stanislas Nordey, Blandine Savetier, Lazare, Marc Proulx (mouvement, masque), Fran\u00e7oise Rondeleux (chant, voix), Bruno Meyssat et Julien Gosselin. C\u2019est un chercheur aux diff\u00e9rentes facettes : acteur, musicien, metteur en sc\u00e8ne et r\u00e9alisateur.<br>Il travaille avec Animal Architecte o\u00f9 il joue dans Dur\u00e9e d\u2019exposition (Fragment(s) 2017, La Loge 2018), les Compagnons Butineurs avec qui il travaille actuellement sur le Mont -cr\u00e9ation collective inspir\u00e9e du Mont Analogue de Ren\u00e9 Daumal- (r\u00e9sidences: Labo Victor Hugo\/Rouen, la Factorie-Maison de la po\u00e9sie\/Ile du Roi, Maison des M\u00e9tallos\/Paris, Com\u00e9die de Caen et Nouveau Th\u00e9\u00e2tre de Montreuil), avec les Enivr\u00e9s en tant que metteur en sc\u00e8ne sur une recherche li\u00e9e \u00e0 l\u2019exploration de la ville, du territoire et en tant qu\u2019acteur sur l\u2019Inqui\u00e9tude de Val\u00e8re Novarina (parole\/musique\/paysage), et avec POLIPUS POLIPUS sur LA PANNE (th\u00e9\u00e2tre\/promenade), et sur un \u00ab trajet-r\u00e9colte \u00bb documentaire \u00e0 travers les plus petites routes de France.<br>Il travaille \u00e9galement sur la r\u00e9alisation d\u2019un second court-m\u00e9trage o\u00f9 il travaillera avec 5 actrices (Pauline Chabrol, D\u00e9lia Espinat-Dief, Isis Ravel, H\u00e9l\u00e8ne Morelli et Ma\u00eblys Rebuttini) o\u00f9 il souhaite interroger le rapport \u00e0 la mort, au rituel, \u00e0 la solitude, \u00e0 l\u2019amiti\u00e9 f\u00e9minine et au silence.<br>Dans&nbsp;<em>Parce que j\u2019en avais besoin<\/em>, il est accompagn\u00e9 de sa clarinette basse et d\u2019instruments de percussions.<\/p>\n\n\n\n<p class=\"has-text-align-center\"><strong>Cr\u00e9ation musicale<\/strong>&nbsp;:&nbsp;Szymon Brz\u00f3ska<\/p>\n\n\n<div class=\"wp-block-image\">\n<figure class=\"alignleft size-full\"><img loading=\"lazy\" decoding=\"async\" width=\"200\" height=\"300\" src=\"https:\/\/compagnielessignatures.com\/wp-content\/uploads\/2025\/01\/DSC01095-1-200x300-1.jpg\" alt=\"\" class=\"wp-image-49\" style=\"object-fit:cover\"\/><\/figure>\n<\/div>\n\n\n<p>Originaire de Pologne,&nbsp;<strong>Szymon Brz\u00f3ska<\/strong>&nbsp;est dipl\u00f4m\u00e9 de l\u2019Acad\u00e9mie de Musique de Pozna\u0144<strong>&nbsp;<\/strong>(Pologne), ainsi que du Royal Flemish Conservatory \u00e0 Antwerp (Belgique), o\u00f9 il a \u00e9tudi\u00e9 sous la direction des compositeurs Miros\u0142aw Bukowski et Luc Van Hove. Le travail de Szymon Brz\u00f3ska explore la synergie entre la musique, le mouvement et l\u2019image. Les centres d\u2019int\u00e9r\u00eats de ce compositeur l\u2019ont amen\u00e9 \u00e0 participer \u00e0 de nombreux projets collaboratifs m\u00ealant diff\u00e9rentes formes d\u2019art. Son langage musical, entre avant-garde contemporaine et tonalit\u00e9s \u00e9tendues avec une touche de minimalisme, reste profond\u00e9ment ancr\u00e9 dans la grande tradition de la musique classique. A travers sa musique, Szymon cr\u00e9e un monde de couleurs, d\u2019atmosph\u00e8res sp\u00e9cifiques et d\u2019\u00e9motions intimes.<br>En parall\u00e8le de son travail personnel, il s\u2019est sp\u00e9cialis\u00e9 dans la cr\u00e9ation de musiques pour la danse. Il a travaill\u00e9 avec diff\u00e9rents chor\u00e9graphes r\u00e9compens\u00e9s (Sidi Larbi Cherkaoui, David Dawson, Maria Pages, Vladimir Malakhov), des orchestres renomm\u00e9s (S\u00e4chsische Staatskapelle Dresden, Het Balletorkest) et des compagnies de danses r\u00e9put\u00e9es (Het Nationale Ballet, Semperoper Ballett, Cedar Lake Company, Eastman).<br>Ses compositions ont \u00e9t\u00e9 jou\u00e9es \u00e0 de nombreuses reprises dans plusieurs lieux et festivals \u00e0 travers le monde, comme au Sadler\u2019s Wells Theatre, \u00e0 l\u2019Op\u00e9ra de Sydney, au Lincoln Center et \u00e0 la BAM de New York, au Semperoper de Dresde, \u00e0 l\u2019Esplanade de Singapour et au Festival d\u2019Avignon.<br>Les compositions personnelles de Szymon ont \u00e9t\u00e9 donn\u00e9es pendant le festival music@venture \u00e0 Antwerp, au Festival of Polish Piano Music \u00e0 S\u0142upsk, \u00e0 la Biennale Ars Polonia \u00e0 Opole, au Sounds New Contemporary Music Festival \u00e0 Canterbury, \u00e0 l\u2019Operadagen Rotterdam, au Tehran International Contemporary Music Festival et au Festival \u00ab En Avant Mars \u00bb \u00e0 Gand.<\/p>\n\n\n\n<p class=\"has-text-align-center\">La Compagnie Les Signatures remercie ses partenaires :<br>Le Jeune th\u00e9\u00e2tre national, la Maison des arts de Cr\u00e9teil, le Th\u00e9\u00e2tre des Bernardines \u00e0 Marseille.<\/p>\n\n\n<div class=\"wp-block-image\">\n<figure class=\"aligncenter size-full\"><img loading=\"lazy\" decoding=\"async\" width=\"675\" height=\"225\" src=\"https:\/\/compagnielessignatures.com\/wp-content\/uploads\/2025\/01\/image.png\" alt=\"\" class=\"wp-image-50\" srcset=\"https:\/\/compagnielessignatures.com\/wp-content\/uploads\/2025\/01\/image.png 675w, https:\/\/compagnielessignatures.com\/wp-content\/uploads\/2025\/01\/image-300x100.png 300w\" sizes=\"auto, (max-width: 675px) 100vw, 675px\" \/><\/figure>\n<\/div>\n\n\n<p class=\"has-text-align-center\">La Compagnie Les Signatures remercie ses soutiens :<br>la MGEN, la Caisse d\u2019Epargne \u00cele-de-France, la fondation Jacques Toja pour le th\u00e9\u00e2tre, la SPEDIDAM.<\/p>\n\n\n<div class=\"wp-block-image\">\n<figure class=\"aligncenter size-full\"><img loading=\"lazy\" decoding=\"async\" width=\"1000\" height=\"250\" src=\"https:\/\/compagnielessignatures.com\/wp-content\/uploads\/2025\/01\/image-1.png\" alt=\"\" class=\"wp-image-51\" srcset=\"https:\/\/compagnielessignatures.com\/wp-content\/uploads\/2025\/01\/image-1.png 1000w, https:\/\/compagnielessignatures.com\/wp-content\/uploads\/2025\/01\/image-1-300x75.png 300w, https:\/\/compagnielessignatures.com\/wp-content\/uploads\/2025\/01\/image-1-768x192.png 768w\" sizes=\"auto, (max-width: 1000px) 100vw, 1000px\" \/><\/figure>\n<\/div>","protected":false},"excerpt":{"rendered":"<p>Sur une id\u00e9e originale de Fran\u00e7oise GILLARD, le spectacle&nbsp;Parce que j\u2019en avais&nbsp;besoin&nbsp;s\u2019inscrit dans une profonde recherche sur le mouvement, d\u00e9but\u00e9e en 2011 avec le solo&nbsp;Signature&nbsp;que Fran\u00e7oise Gillard avait \u00e9crit et dans\u00e9 au Th\u00e9\u00e2tre du Vieux-Colombier\/Com\u00e9die-Fran\u00e7aise \u00e0 Paris.&nbsp;Ce&nbsp;spectacle a pour ambition de raconter \u00e0 travers les gestes et la \u201cphysicalit\u00e9\u201d de deux com\u00e9diens, Benjamin JUNGERS et&hellip; <\/p>\n","protected":false},"author":1,"featured_media":44,"parent":0,"menu_order":0,"comment_status":"closed","ping_status":"closed","template":"","meta":{"footnotes":""},"class_list":["post-42","page","type-page","status-publish","has-post-thumbnail","hentry"],"_links":{"self":[{"href":"https:\/\/compagnielessignatures.com\/index.php?rest_route=\/wp\/v2\/pages\/42","targetHints":{"allow":["GET"]}}],"collection":[{"href":"https:\/\/compagnielessignatures.com\/index.php?rest_route=\/wp\/v2\/pages"}],"about":[{"href":"https:\/\/compagnielessignatures.com\/index.php?rest_route=\/wp\/v2\/types\/page"}],"author":[{"embeddable":true,"href":"https:\/\/compagnielessignatures.com\/index.php?rest_route=\/wp\/v2\/users\/1"}],"replies":[{"embeddable":true,"href":"https:\/\/compagnielessignatures.com\/index.php?rest_route=%2Fwp%2Fv2%2Fcomments&post=42"}],"version-history":[{"count":1,"href":"https:\/\/compagnielessignatures.com\/index.php?rest_route=\/wp\/v2\/pages\/42\/revisions"}],"predecessor-version":[{"id":52,"href":"https:\/\/compagnielessignatures.com\/index.php?rest_route=\/wp\/v2\/pages\/42\/revisions\/52"}],"wp:featuredmedia":[{"embeddable":true,"href":"https:\/\/compagnielessignatures.com\/index.php?rest_route=\/wp\/v2\/media\/44"}],"wp:attachment":[{"href":"https:\/\/compagnielessignatures.com\/index.php?rest_route=%2Fwp%2Fv2%2Fmedia&parent=42"}],"curies":[{"name":"wp","href":"https:\/\/api.w.org\/{rel}","templated":true}]}}