{"id":4109,"date":"2025-01-20T12:46:35","date_gmt":"2025-01-20T11:46:35","guid":{"rendered":"https:\/\/compagnielessignatures.com\/?page_id=4109"},"modified":"2025-01-22T14:47:41","modified_gmt":"2025-01-22T13:47:41","slug":"premier-rendez-vous-des-femmes-avec-lhistoire-la-commune-de-paris-2023","status":"publish","type":"page","link":"https:\/\/compagnielessignatures.com\/?page_id=4109","title":{"rendered":"Femmes &amp; Histoire : la Commune de Paris (2023)"},"content":{"rendered":"<div class=\"wp-block-image\">\n<figure class=\"alignright size-medium is-resized\"><img loading=\"lazy\" decoding=\"async\" width=\"300\" height=\"225\" src=\"https:\/\/compagnielessignatures.com\/wp-content\/uploads\/2025\/01\/20250121_170931-300x225.jpg\" alt=\"\" class=\"wp-image-4279\" style=\"object-fit:cover;width:290px;height:auto\" srcset=\"https:\/\/compagnielessignatures.com\/wp-content\/uploads\/2025\/01\/20250121_170931-300x225.jpg 300w, https:\/\/compagnielessignatures.com\/wp-content\/uploads\/2025\/01\/20250121_170931-1024x768.jpg 1024w, https:\/\/compagnielessignatures.com\/wp-content\/uploads\/2025\/01\/20250121_170931-768x576.jpg 768w, https:\/\/compagnielessignatures.com\/wp-content\/uploads\/2025\/01\/20250121_170931-1536x1152.jpg 1536w, https:\/\/compagnielessignatures.com\/wp-content\/uploads\/2025\/01\/20250121_170931-2048x1536.jpg 2048w\" sizes=\"auto, (max-width: 300px) 100vw, 300px\" \/><figcaption class=\"wp-element-caption\"><em>Daniel Vierge (1851-1904). \u201cFemme \u00e0 l\u2019H\u00f4tel de Ville, 2\u00e8me jour de la Commune\u201d, 1871. Paris, mus\u00e9e Carnavalet.<\/em><\/figcaption><\/figure>\n<\/div>\n\n\n<p>En juillet 1870, Napol\u00e9on III d\u00e9clare la guerre \u00e0 la Prusse. Des d\u00e9sastres&nbsp;militaires retentissants se succ\u00e8dent conduisant \u00e0 la d\u00e9faite de la France&nbsp;et \u00e0 la signature d\u2019un armistice en janvier 1871.&nbsp;<\/p>\n\n\n\n<p>Alors, les Parisiennes se&nbsp;rebiffent. Certaines, comprenant que les \u00e9v\u00e8nements des ann\u00e9es 1870\/1871&nbsp;d\u00e9passent leur horizon familier, tiennent \u00e0 en porter t\u00e9moignage. D\u2019autres&nbsp;vont plus loin. Elles entrent dans le combat politique pour d\u00e9fendre leurs&nbsp;droits aupr\u00e8s de la Commune de Paris, cette nouvelle assembl\u00e9e qui gouverne&nbsp;la capitale. Militantes, elles revendiquent de v\u00e9ritables r\u00e9formes sociales&nbsp;et s\u2019associent pour trouver du travail aux ouvri\u00e8res. Perspicaces, elles&nbsp;inventent l\u2019\u00e9cole gratuite, la\u00efque et obligatoire. Combattantes, elles&nbsp;deviennent ambulanci\u00e8res ou infirmi\u00e8res et luttent contre les Prussiens puis&nbsp;les Versaillais, en \u00e9difiant des barricades dans les rues de Paris. Il&nbsp;arrive qu\u2019elles y perdent la vie en les d\u00e9fendant fusil \u00e0 la main.&nbsp;<\/p>\n\n\n\n<p>Puisque pour la premi\u00e8re fois, en cette p\u00e9riode singuli\u00e8re de l\u2019histoire de&nbsp;France, des femmes ont d\u00e9cid\u00e9 d\u2019occuper le devant de la sc\u00e8ne, laissons les&nbsp;nous faire partager leur exp\u00e9rience personnelle, entre pragmatisme et r\u00eave&nbsp;d\u2019un monde meilleur.<\/p>\n\n\n\n<p class=\"has-text-align-left\"><strong>Lecture-spectacle<br>Lundi 20 novembre 2023 \u00e0 19h<\/strong><\/p>\n\n\n\n<p class=\"has-text-align-left\"><strong>Auditorium du si\u00e8ge de La Poste<\/strong><br>5 rue du Colonel Pierre Avia, B\u00e2timent A \u2013 75015 Paris<\/p>\n\n\n\n<p class=\"has-text-align-left\"><strong>Avec<\/strong><\/p>\n\n\n\n<figure class=\"wp-block-image size-large\"><img loading=\"lazy\" decoding=\"async\" width=\"912\" height=\"1024\" src=\"https:\/\/compagnielessignatures.com\/wp-content\/uploads\/2025\/01\/image-5-912x1024.png\" alt=\"\" class=\"wp-image-4111\" srcset=\"https:\/\/compagnielessignatures.com\/wp-content\/uploads\/2025\/01\/image-5-912x1024.png 912w, https:\/\/compagnielessignatures.com\/wp-content\/uploads\/2025\/01\/image-5-267x300.png 267w, https:\/\/compagnielessignatures.com\/wp-content\/uploads\/2025\/01\/image-5-768x862.png 768w, https:\/\/compagnielessignatures.com\/wp-content\/uploads\/2025\/01\/image-5-1368x1536.png 1368w, https:\/\/compagnielessignatures.com\/wp-content\/uploads\/2025\/01\/image-5.png 1664w\" sizes=\"auto, (max-width: 912px) 100vw, 912px\" \/><\/figure>\n","protected":false},"excerpt":{"rendered":"<p>En juillet 1870, Napol\u00e9on III d\u00e9clare la guerre \u00e0 la Prusse. Des d\u00e9sastres&nbsp;militaires retentissants se succ\u00e8dent conduisant \u00e0 la d\u00e9faite de la France&nbsp;et \u00e0 la signature d\u2019un armistice en janvier 1871.&nbsp; Alors, les Parisiennes se&nbsp;rebiffent. Certaines, comprenant que les \u00e9v\u00e8nements des ann\u00e9es 1870\/1871&nbsp;d\u00e9passent leur horizon familier, tiennent \u00e0 en porter t\u00e9moignage. D\u2019autres&nbsp;vont plus loin. Elles&hellip; <\/p>\n","protected":false},"author":1,"featured_media":4279,"parent":0,"menu_order":0,"comment_status":"closed","ping_status":"closed","template":"","meta":{"footnotes":""},"class_list":["post-4109","page","type-page","status-publish","has-post-thumbnail","hentry"],"_links":{"self":[{"href":"https:\/\/compagnielessignatures.com\/index.php?rest_route=\/wp\/v2\/pages\/4109","targetHints":{"allow":["GET"]}}],"collection":[{"href":"https:\/\/compagnielessignatures.com\/index.php?rest_route=\/wp\/v2\/pages"}],"about":[{"href":"https:\/\/compagnielessignatures.com\/index.php?rest_route=\/wp\/v2\/types\/page"}],"author":[{"embeddable":true,"href":"https:\/\/compagnielessignatures.com\/index.php?rest_route=\/wp\/v2\/users\/1"}],"replies":[{"embeddable":true,"href":"https:\/\/compagnielessignatures.com\/index.php?rest_route=%2Fwp%2Fv2%2Fcomments&post=4109"}],"version-history":[{"count":12,"href":"https:\/\/compagnielessignatures.com\/index.php?rest_route=\/wp\/v2\/pages\/4109\/revisions"}],"predecessor-version":[{"id":4330,"href":"https:\/\/compagnielessignatures.com\/index.php?rest_route=\/wp\/v2\/pages\/4109\/revisions\/4330"}],"wp:featuredmedia":[{"embeddable":true,"href":"https:\/\/compagnielessignatures.com\/index.php?rest_route=\/wp\/v2\/media\/4279"}],"wp:attachment":[{"href":"https:\/\/compagnielessignatures.com\/index.php?rest_route=%2Fwp%2Fv2%2Fmedia&parent=4109"}],"curies":[{"name":"wp","href":"https:\/\/api.w.org\/{rel}","templated":true}]}}