{"id":4083,"date":"2025-01-20T12:17:17","date_gmt":"2025-01-20T11:17:17","guid":{"rendered":"https:\/\/compagnielessignatures.com\/?page_id=4083"},"modified":"2025-01-21T20:52:14","modified_gmt":"2025-01-21T19:52:14","slug":"lucie-alfred-mathieu-dreyfus-2022","status":"publish","type":"page","link":"https:\/\/compagnielessignatures.com\/?page_id=4083","title":{"rendered":"LUCIE, ALFRED, MATHIEU DREYFUS (2022)"},"content":{"rendered":"\n<h2 class=\"wp-block-heading has-text-align-center\" id=\"lucie-alfred-mathieu-dreyfus\">L\u2019honneur incarn\u00e9<\/h2>\n\n\n<div class=\"wp-block-image\">\n<figure class=\"aligncenter size-full\"><img loading=\"lazy\" decoding=\"async\" width=\"616\" height=\"447\" src=\"http:\/\/compagnielessignatures.com\/wp-content\/uploads\/2025\/01\/Famille-Dreyfus-1.jpg\" alt=\"\" class=\"wp-image-4227\" srcset=\"https:\/\/compagnielessignatures.com\/wp-content\/uploads\/2025\/01\/Famille-Dreyfus-1.jpg 616w, https:\/\/compagnielessignatures.com\/wp-content\/uploads\/2025\/01\/Famille-Dreyfus-1-300x218.jpg 300w\" sizes=\"auto, (max-width: 616px) 100vw, 616px\" \/><\/figure>\n<\/div>\n\n\n<p class=\"has-text-align-center\" style=\"font-size:18px\"><br>Aujourd\u2019hui encore, l\u2019Affaire Dreyfus ne cesse d\u2019occuper nos m\u00e9moires. Bien qu\u2019elle se situe \u00e0 la fin du 19\u00e8me si\u00e8cle, elle nous appara\u00eet comme un \u00e9v\u00e8nement historique complexe, auquel on se r\u00e9f\u00e8re r\u00e9guli\u00e8rement pour mieux comprendre notre actualit\u00e9, et ce dans toute sa diversit\u00e9.<br><br>A premi\u00e8re vue, l\u2019Affaire est simple : en 1894, le capitaine Alfred Dreyfus est accus\u00e9 d\u2019avoir trahi la France au b\u00e9n\u00e9fice de l\u2019Allemagne, lui le juif alsacien. Il est condamn\u00e9 \u00e0 la d\u00e9portation \u00e0 perp\u00e9tuit\u00e9. Alors que le v\u00e9ritable coupable est un autre officier, Esterhazy.<br><br>Pour corriger cette erreur judiciaire, il est indispensable d\u2019analyser les faits, de se poser les bonnes questions \u2013 s\u2019agit-il d\u2019une machination : qui en sont les auteurs, les complices et t\u00e9moins passifs ? \u2013 et d\u2019agir pour faire \u00e9clater la v\u00e9rit\u00e9. Tout en gardant \u00e0 l\u2019esprit la formule c\u00e9l\u00e8bre de Zola : \u201c<strong>La v\u00e9rit\u00e9 est en marche, et rien ne l\u2019arr\u00eatera.<\/strong>\u201c<br><br>Cette marche vers la v\u00e9rit\u00e9 atteint son but par un arr\u00eat de la Cour de cassation dat\u00e9 du 12 juillet 1906. Les magistrats de la Cour de cassation, conscients de rendre une d\u00e9cision de port\u00e9e historique, y affirment en des termes clairs et incisifs que, de l\u2019accusation port\u00e9e contre Dreyfus, rien ne reste debout. Il a donc fallu 12 ans pour surmonter les multiples obstacles qui s\u2019opposaient \u00e0 la progression de la justice, pour r\u00e9habiliter Alfred Dreyfus et pour que sa famille recouvre l\u2019honneur de son nom.<br><br>Pour faire triompher la v\u00e9rit\u00e9, il fut conclu entre Alfred Dreyfus, son \u00e9pouse Lucie et son fr\u00e8re Mathieu un \u00ab pacte sacr\u00e9 \u00bb. Comme l\u2019\u00e9crit Jean-Louis L\u00e9vy, petit-fils du capitaine, il s\u2019agit \u00ab d\u2019un contrat pass\u00e9 entre la victime du drame et son \u00e9pouse \u00e9paul\u00e9e sans rel\u00e2che par le fr\u00e8re a\u00een\u00e9 Mathieu \u00bb . Un contrat selon lequel Alfred renon\u00e7a \u00e0 se suicider, tandis que Lucie et Mathieu devaient mettre tout en \u0153uvre pour obtenir la r\u00e9vision de son proc\u00e8s et sa r\u00e9habilitation.<br><br>Malgr\u00e9 ses conditions insupportables de d\u00e9tention \u00e0 l\u2019\u00cele du diable, Alfred r\u00e9sistera jusqu\u2019au bout gr\u00e2ce aux centaines de lettres que Lucie lui adressera, v\u00e9ritables perfusions d\u2019amour, de force de vie, de courage. Mois apr\u00e8s mois, ann\u00e9e apr\u00e8s ann\u00e9e, Lucie trouvera les mots justes pour mobiliser les forces psychiques de son \u00e9poux et lui faire garder le d\u00e9sir de vivre.<br><br>Quant \u00e0 Alfred, la correspondance qu\u2019il adressera r\u00e9guli\u00e8rement \u00e0 sa femme lui permettra de dire sa volont\u00e9 inflexible de faire face, d\u2019exiger la garantie d\u2019une vraie justice et la reconnaissance de son innocence. Ses lettres \u00e0 Lucie seront le seul lien qui puisse rattacher \u00e0 l\u2019humanit\u00e9 le d\u00e9port\u00e9 qu\u2019on a fait de lui, le lieu o\u00f9 il pourra exprimer l\u2019amour infini qu\u2019il lui porte.<br><br>Mathieu Dreyfus, en \u00ab fr\u00e8re admirable \u00bb, consacrera pendant ces cinq ann\u00e9es son temps, sa volont\u00e9, son intelligence, son \u00e9nergie, sa fortune \u00e0 l\u2019\u00e9lucidation du complot, la recherche du coupable, la cr\u00e9ation d\u2019un r\u00e9seau de journalistes, savants, avocats, \u00e9crivains, artistes, amis protestants, qu\u2019on regroupa sous le nom d\u2019intellectuels. Ils p\u00e8seront de tout leur poids pour que l\u2019opinion publique cesse d\u2019\u00eatre abus\u00e9e.<\/p>\n\n\n\n<p class=\"has-text-align-center\" style=\"font-size:18px\"><br>Notre dessein n\u2019est pas de proposer une \u00e9ni\u00e8me version de l\u2019affaire Dreyfus, mais de montrer comment ces trois personnes isol\u00e9es Lucie, Alfred et Mathieu ont su, gr\u00e2ce \u00e0 leur t\u00e9nacit\u00e9, leur force psychique, leur perspicacit\u00e9, leur dignit\u00e9 et leur amour, triompher de l\u2019arm\u00e9e et son \u00e9tat-major tout puissant, de gouvernants sous pression, de tribunaux militaires aux ordres, d\u2019hommes politiques d\u00e9nu\u00e9s de courage, d\u2019une presse majoritairement antis\u00e9mite d\u00e9cha\u00een\u00e9e, d\u2019une opinion manipul\u00e9e qui hurlait aux loups.<br><br>Des lettres, des extraits de journal intime et de m\u00e9moires, autant de textes originaux \u2013 servis par Dani\u00e8le Lebrun et Alexandre Pavloff tous deux com\u00e9diens de la Com\u00e9die-Fran\u00e7aise, Salom\u00e9 Benchimol promotion 2019\/2021 de l\u2019Acad\u00e9mie de la Com\u00e9die -Fran\u00e7aise et Alain Ghazal r\u00e9citant \u2013 qui permettront aux spectateurs d\u2019appr\u00e9cier l\u2019Affaire Dreyfus de l\u2019int\u00e9rieur, telle que le Capitaine et sa proche famille l\u2019ont eux-m\u00eames v\u00e9cue.<\/p>\n\n\n\n<figure class=\"wp-block-image\"><img decoding=\"async\" src=\"https:\/\/web.archive.org\/web\/20231212235700im_\/https:\/\/i1.wp.com\/compagnielessignatures.fr\/wp-content\/uploads\/2021\/10\/Dreyfus-comediens.jpg?resize=790%2C228&amp;ssl=1\" alt=\"\" class=\"wp-image-1054\"\/><\/figure>\n\n\n\n<figure class=\"wp-block-image\"><img decoding=\"async\" src=\"https:\/\/web.archive.org\/web\/20231212235700im_\/https:\/\/i2.wp.com\/compagnielessignatures.fr\/wp-content\/uploads\/2021\/10\/Comediens-2.png?resize=790%2C255&amp;ssl=1\" alt=\"\" class=\"wp-image-1056\"\/><\/figure>\n\n\n\n<p class=\"has-text-align-center\" style=\"font-size:18px\">Id\u00e9e originale, choix et montage des textes : Marc Sebbah, Marion Baude, Nelly Antoine.<\/p>\n\n\n\n<p class=\"has-text-align-center\" style=\"font-size:18px\">Une lecture de&nbsp;<em>Lucie, Alfred, Mathieu Dreyfus : L\u2019honneur incarn\u00e9&nbsp;<\/em>a \u00e9t\u00e9 donn\u00e9e au Studio &nbsp;Raspail le 12 avril 2022 \u00e0 19h, avec le soutien de la Fondation d\u2019entreprise La Poste.<\/p>\n\n\n\n<p class=\"has-text-align-center\">La Compagnie Les Signatures remercie la Fondation d\u2019entreprise La Poste et la Soci\u00e9t\u00e9 litt\u00e9raire La Poste pour leur soutien.<\/p>\n\n\n\n<figure class=\"wp-block-image\"><img decoding=\"async\" src=\"https:\/\/web.archive.org\/web\/20231212235700im_\/https:\/\/i1.wp.com\/compagnielessignatures.fr\/wp-content\/uploads\/2022\/04\/Logo-La-poste.png?resize=686%2C124&amp;ssl=1\" alt=\"\" class=\"wp-image-1139\"\/><\/figure>\n","protected":false},"excerpt":{"rendered":"<p>L\u2019honneur incarn\u00e9 Aujourd\u2019hui encore, l\u2019Affaire Dreyfus ne cesse d\u2019occuper nos m\u00e9moires. Bien qu\u2019elle se situe \u00e0 la fin du 19\u00e8me si\u00e8cle, elle nous appara\u00eet comme un \u00e9v\u00e8nement historique complexe, auquel on se r\u00e9f\u00e8re r\u00e9guli\u00e8rement pour mieux comprendre notre actualit\u00e9, et ce dans toute sa diversit\u00e9. A premi\u00e8re vue, l\u2019Affaire est simple : en 1894, le&hellip; <\/p>\n","protected":false},"author":1,"featured_media":4227,"parent":0,"menu_order":0,"comment_status":"closed","ping_status":"closed","template":"","meta":{"footnotes":""},"class_list":["post-4083","page","type-page","status-publish","has-post-thumbnail","hentry"],"_links":{"self":[{"href":"https:\/\/compagnielessignatures.com\/index.php?rest_route=\/wp\/v2\/pages\/4083","targetHints":{"allow":["GET"]}}],"collection":[{"href":"https:\/\/compagnielessignatures.com\/index.php?rest_route=\/wp\/v2\/pages"}],"about":[{"href":"https:\/\/compagnielessignatures.com\/index.php?rest_route=\/wp\/v2\/types\/page"}],"author":[{"embeddable":true,"href":"https:\/\/compagnielessignatures.com\/index.php?rest_route=\/wp\/v2\/users\/1"}],"replies":[{"embeddable":true,"href":"https:\/\/compagnielessignatures.com\/index.php?rest_route=%2Fwp%2Fv2%2Fcomments&post=4083"}],"version-history":[{"count":7,"href":"https:\/\/compagnielessignatures.com\/index.php?rest_route=\/wp\/v2\/pages\/4083\/revisions"}],"predecessor-version":[{"id":4296,"href":"https:\/\/compagnielessignatures.com\/index.php?rest_route=\/wp\/v2\/pages\/4083\/revisions\/4296"}],"wp:featuredmedia":[{"embeddable":true,"href":"https:\/\/compagnielessignatures.com\/index.php?rest_route=\/wp\/v2\/media\/4227"}],"wp:attachment":[{"href":"https:\/\/compagnielessignatures.com\/index.php?rest_route=%2Fwp%2Fv2%2Fmedia&parent=4083"}],"curies":[{"name":"wp","href":"https:\/\/api.w.org\/{rel}","templated":true}]}}