{"id":22,"date":"2025-01-19T21:25:22","date_gmt":"2025-01-19T20:25:22","guid":{"rendered":"https:\/\/compagnielessignatures.com\/?page_id=22"},"modified":"2025-03-02T21:02:28","modified_gmt":"2025-03-02T20:02:28","slug":"nous-contacter-nous-aider","status":"publish","type":"page","link":"https:\/\/compagnielessignatures.com\/?page_id=22","title":{"rendered":"Nous contacter\/Nous aider"},"content":{"rendered":"\n<p><strong>Devenir membre<\/strong><\/p>\n\n\n\n<p>L\u2019adh\u00e9sion \u00e0 notre association est ouverte. Elle n\u2019est soumise \u00e0 aucune condition particuli\u00e8re. Le montant de la cotisation s\u2019\u00e9l\u00e8ve \u00e0 30 euros (5 euros pour les moins de trente ans). Pour devenir membre il suffit que vous nous fassiez conna\u00eetre votre intention \u00e0 cet \u00e9gard, soit en utilisant le formulaire de contact ci-dessous, soit en nous adressant un courriel \u00e0 l\u2019adresse <a href=\"mailto:compagnielessignatures@gmail.com\">compagnielessignatures@gmail.com<\/a>.<\/p>\n\n\n\n<p><strong>Soutenir la Compagnie Les Signatures<\/strong><\/p>\n\n\n\n<p>La Compagnie Les Signatures, dans le cadre d\u2019une gestion d\u00e9sint\u00e9ress\u00e9e et sans aucun but lucratif, exerce une activit\u00e9 d\u2019int\u00e9r\u00eat g\u00e9n\u00e9ral dans le domaine culturel. Vous pouvez lui faire un don b\u00e9n\u00e9ficiant des dispositions fiscales relatives au m\u00e9c\u00e9nat :<br>\u2013 En tant que particulier, vous pouvez d\u00e9duire de votre imp\u00f4t sur le revenu 66 % du don, dans la limite de 20 % de votre revenu imposable.<br>\u2013 Les entreprises peuvent d\u00e9duire 60 % du montant de leur don dans la limite de 0,5 % du chiffre d\u2019affaires.<br>Pour en savoir plus, contactez-nous par courriel \u00e0 <a href=\"mailto:compagnielessignatures@gmail.com\">compagnielessignatures@gmail.com<\/a><\/p>\n\n\n\n<p>Merci.<\/p>\n\n\n\n\n\n<p><\/p>\n","protected":false},"excerpt":{"rendered":"<p>Devenir membre L\u2019adh\u00e9sion \u00e0 notre association est ouverte. Elle n\u2019est soumise \u00e0 aucune condition particuli\u00e8re. Le montant de la cotisation s\u2019\u00e9l\u00e8ve \u00e0 30 euros (5 euros pour les moins de trente ans). Pour devenir membre il suffit que vous nous fassiez conna\u00eetre votre intention \u00e0 cet \u00e9gard, soit en utilisant le formulaire de contact ci-dessous,&hellip; <\/p>\n","protected":false},"author":1,"featured_media":7,"parent":0,"menu_order":0,"comment_status":"closed","ping_status":"closed","template":"","meta":{"footnotes":""},"class_list":["post-22","page","type-page","status-publish","has-post-thumbnail","hentry"],"_links":{"self":[{"href":"https:\/\/compagnielessignatures.com\/index.php?rest_route=\/wp\/v2\/pages\/22","targetHints":{"allow":["GET"]}}],"collection":[{"href":"https:\/\/compagnielessignatures.com\/index.php?rest_route=\/wp\/v2\/pages"}],"about":[{"href":"https:\/\/compagnielessignatures.com\/index.php?rest_route=\/wp\/v2\/types\/page"}],"author":[{"embeddable":true,"href":"https:\/\/compagnielessignatures.com\/index.php?rest_route=\/wp\/v2\/users\/1"}],"replies":[{"embeddable":true,"href":"https:\/\/compagnielessignatures.com\/index.php?rest_route=%2Fwp%2Fv2%2Fcomments&post=22"}],"version-history":[{"count":3,"href":"https:\/\/compagnielessignatures.com\/index.php?rest_route=\/wp\/v2\/pages\/22\/revisions"}],"predecessor-version":[{"id":4340,"href":"https:\/\/compagnielessignatures.com\/index.php?rest_route=\/wp\/v2\/pages\/22\/revisions\/4340"}],"wp:featuredmedia":[{"embeddable":true,"href":"https:\/\/compagnielessignatures.com\/index.php?rest_route=\/wp\/v2\/media\/7"}],"wp:attachment":[{"href":"https:\/\/compagnielessignatures.com\/index.php?rest_route=%2Fwp%2Fv2%2Fmedia&parent=22"}],"curies":[{"name":"wp","href":"https:\/\/api.w.org\/{rel}","templated":true}]}}