{"id":12,"date":"2025-01-19T21:11:27","date_gmt":"2025-01-19T20:11:27","guid":{"rendered":"http:\/\/compagnielessignatures.com\/?page_id=12"},"modified":"2025-01-21T20:44:58","modified_gmt":"2025-01-21T19:44:58","slug":"lassociation","status":"publish","type":"page","link":"https:\/\/compagnielessignatures.com\/?page_id=12","title":{"rendered":"L\u2019association"},"content":{"rendered":"<div class=\"wp-block-image\">\n<figure class=\"aligncenter size-medium\"><img loading=\"lazy\" decoding=\"async\" width=\"300\" height=\"69\" src=\"https:\/\/compagnielessignatures.com\/wp-content\/uploads\/2025\/01\/cropped-les.signatures-300x69.png\" alt=\"\" class=\"wp-image-8\" srcset=\"https:\/\/compagnielessignatures.com\/wp-content\/uploads\/2025\/01\/cropped-les.signatures-300x69.png 300w, https:\/\/compagnielessignatures.com\/wp-content\/uploads\/2025\/01\/cropped-les.signatures.png 686w\" sizes=\"auto, (max-width: 300px) 100vw, 300px\" \/><\/figure>\n<\/div>\n\n\n<p class=\"has-text-align-center\">La Compagnie Les Signatures, constitu\u00e9e en 2015 par Fran\u00e7oise Gillard, soci\u00e9taire de la Com\u00e9die-Fran\u00e7aise, privil\u00e9gie la&nbsp;<strong>cr\u00e9ation<\/strong>. Ici pas de reprises de spectacles ant\u00e9rieurs, mais des \u0153uvres con\u00e7ues par des passionn\u00e9s de th\u00e9\u00e2tre, de danse, de musique, de litt\u00e9rature. Inspir\u00e9e par ses constantes lectures ou relectures, notre \u00e9quipe s\u2019attache avant tout \u00e0 \u00e9tablir des&nbsp;<strong>correspondances<\/strong>&nbsp;entre plusieurs disciplines, plusieurs artistes ou plusieurs \u0153uvres.<\/p>\n\n\n<div class=\"wp-block-image is-style-default\">\n<figure class=\"aligncenter size-medium\"><img loading=\"lazy\" decoding=\"async\" width=\"200\" height=\"300\" src=\"https:\/\/compagnielessignatures.com\/wp-content\/uploads\/2025\/01\/Francoise-Gillard-2020--200x300.jpg\" alt=\"\" class=\"wp-image-13\" srcset=\"https:\/\/compagnielessignatures.com\/wp-content\/uploads\/2025\/01\/Francoise-Gillard-2020--200x300.jpg 200w, https:\/\/compagnielessignatures.com\/wp-content\/uploads\/2025\/01\/Francoise-Gillard-2020--683x1024.jpg 683w, https:\/\/compagnielessignatures.com\/wp-content\/uploads\/2025\/01\/Francoise-Gillard-2020-.jpg 768w\" sizes=\"auto, (max-width: 200px) 100vw, 200px\" \/><figcaption class=\"wp-element-caption\"><em>Th\u00e9\u00e2tre, danse, musique : Fran\u00e7oise Gillard, soci\u00e9taire de la Com\u00e9die-Fran\u00e7aise et fondatrice de la compagnie<\/em><\/figcaption><\/figure>\n<\/div>\n\n\n<hr class=\"wp-block-separator has-alpha-channel-opacity\"\/>\n\n\n\n<p class=\"has-text-align-center has-large-font-size\">L\u2019\u00e9quipe litt\u00e9raire<\/p>\n\n\n<div class=\"wp-block-image\">\n<figure class=\"aligncenter size-medium\"><img loading=\"lazy\" decoding=\"async\" width=\"225\" height=\"300\" src=\"https:\/\/compagnielessignatures.com\/wp-content\/uploads\/2025\/01\/Equipe-litteraire-e1570109083516-225x300.jpg\" alt=\"\" class=\"wp-image-14\" srcset=\"https:\/\/compagnielessignatures.com\/wp-content\/uploads\/2025\/01\/Equipe-litteraire-e1570109083516-225x300.jpg 225w, https:\/\/compagnielessignatures.com\/wp-content\/uploads\/2025\/01\/Equipe-litteraire-e1570109083516.jpg 768w\" sizes=\"auto, (max-width: 225px) 100vw, 225px\" \/><figcaption class=\"wp-element-caption\">2018-2019 : Marc Sebbah, Marion Baude, Nelly Antoine<\/figcaption><\/figure>\n<\/div>\n\n<div class=\"wp-block-image\">\n<figure class=\"aligncenter size-full\"><img loading=\"lazy\" decoding=\"async\" width=\"300\" height=\"200\" src=\"https:\/\/compagnielessignatures.com\/wp-content\/uploads\/2025\/01\/3E8A1457-1.jpg\" alt=\"\" class=\"wp-image-15\"\/><figcaption class=\"wp-element-caption\">Depuis 2020 : Marc Sebbah, Nelly Antoine et H\u00e9l\u00e8ne Thil<\/figcaption><\/figure>\n<\/div>\n\n\n<hr class=\"wp-block-separator has-alpha-channel-opacity\"\/>\n\n\n\n<p class=\"has-text-align-center has-large-font-size\"><strong>Les cr\u00e9ations de la Compagnie Les Signatures<\/strong><\/p>\n\n\n\n<p class=\"has-text-align-center\"><em>Dialogues de g\u00e9ants<\/em><\/p>\n\n\n\n<p class=\"has-text-align-center\">Avec&nbsp;<strong><em>Dialogues de g\u00e9ants<\/em><\/strong>, ce sont les relations originales et complexes entre Ivan Tourgu\u00e9niev, Gustave Flaubert et Pauline Viardot que nous mettons en lumi\u00e8re. A partir de leurs lettres, nous redonnons vie \u00e0 l\u2019amiti\u00e9 sinc\u00e8re et l\u2019admiration mutuelle qui liaient Flaubert \u00e0 Tourgu\u00e9niev, et Tourgu\u00e9niev \u00e0 Pauline dont il \u00e9tait tr\u00e8s amoureux. En dialogue \u2013 si ce n\u2019est en d\u00e9bat ! \u2013 permanent, les deux \u00e9crivains et la cantatrice partageaient le m\u00eame culte des Arts et la m\u00eame exigence. Notre lecture-spectacle, port\u00e9e sur sc\u00e8ne par des com\u00e9diens de la Com\u00e9die-Fran\u00e7aise, fait appara\u00eetre le climat d\u2019entraide, de tendresse et d\u2019humour qu\u2019ils ont su instaurer entre eux pour composer pour mieux composer les chefs-d\u2019\u0153uvre qu\u2019on leur conna\u00eet.<\/p>\n\n\n\n<p class=\"has-text-align-center\"><em>Parce que j\u2019en avais besoin<\/em><\/p>\n\n\n\n<p class=\"has-text-align-center\">D\u00e9crivant l\u2019amiti\u00e9 naissante de Bouvard et P\u00e9cuchet, Flaubert \u00e9crit : \u201cChacun en \u00e9coutant l\u2019autre retrouvait des parties de lui-m\u00eame oubli\u00e9es.\u201d C\u2019est cette notion que questionne Fran\u00e7oise Gillard dans sa cr\u00e9ation&nbsp;<strong><em>Parce que j\u2019en avais besoin<\/em><\/strong>, qui met en sc\u00e8ne deux com\u00e9diens, un com\u00e9dien-musicien et une musicienne. Avec la finesse et l\u2019empathie caract\u00e9ristiques de ses \u0153uvres pr\u00e9c\u00e9dentes,&nbsp;<em>L\u2019Autre<\/em>&nbsp;et&nbsp;<em>Signature<\/em>, Fran\u00e7oise Gillard oriente notre regard vers ce besoin essentiel qui demeure l\u2019un des socles de l\u2019existence humaine : la recherche d\u2019un ami. Donn\u00e9 en coproduction avec la Maison des Arts de Cr\u00e9teil et le th\u00e9\u00e2tre des Bernardines \u00e0 Marseille,&nbsp;<em>Parce que j\u2019en avais besoin<\/em>&nbsp;est un spectacle hybride qui tisse la danse, la musique et le th\u00e9\u00e2tre.<\/p>\n\n\n\n<p class=\"has-text-align-center\"><em>Manon Roland, une vie de passions<\/em><\/p>\n\n\n\n<p class=\"has-text-align-center\">Enthousiasm\u00e9e par la lecture des innombrables lettres de Madame Roland, puis de ses m\u00e9moires \u00e9crites dans les quatre mois pr\u00e9c\u00e9dant son ex\u00e9cution, la Compagnie Les Signatures cr\u00e9e ensuite&nbsp;<strong><em>Manon Roland, une vie de passions<\/em><\/strong>. On peut y voir Manon, enfant puis adolescente, se r\u00e9fugier dans son \u201casile\u201d, r\u00e9duit qui lui sert de salon de lecture o\u00f9 elle d\u00e9vore tous les livres qu\u2019elle r\u00e9ussit \u00e0 se procurer. Fervente admiratrice de Plutarque et Rousseau, elle se forge gr\u00e2ce \u00e0 eux une philosophie qui l\u2019accompagnera tout au long de sa vie de femme. Loin des le\u00e7ons d\u2019histoire, dans la confidence de ses lettres, notre lecture-spectacle rend hommage \u00e0 la personnalit\u00e9 hors du commun de Manon Roland, fille des Lumi\u00e8res devenue h\u00e9ro\u00efne de la R\u00e9volution Fran\u00e7aise.<\/p>\n\n\n\n<p class=\"has-text-align-center\"><em>Ma s\u0153ur, l\u2019absente<\/em><\/p>\n\n\n\n<p class=\"has-text-align-center\">En 2019, notre \u00e9quipe litt\u00e9raire d\u00e9couvre avec \u00e9motion&nbsp;<em>L\u2019autre fille<\/em>, d\u2019Annie Ernaux, et&nbsp;<em>Une amie de famille<\/em>&nbsp;de Jean-Marie Laclavetine. Ces deux r\u00e9cits, portant sur le sujet tragique et autobiographique de la disparition d\u2019une jeune s\u0153ur, donnent \u00e0 entendre un \u00e9cho tr\u00e8s troublant. Assez pour frapper les deux auteurs eux-m\u00eames, qui donnent volontiers carte blanche \u00e0 la Compagnie Les Signatures pour la cr\u00e9ation du montage de leurs textes. Dans&nbsp;<strong><em>Ma s\u0153ur, l\u2019absente<\/em><\/strong>, leurs deux \u00e9mouvants t\u00e9moignages s\u2019entrelacent d\u00e9licatement autour de la disparition, fondatrice chez l\u2019un et l\u2019autre de l\u2019\u00e9criture.<\/p>\n\n\n\n<p class=\"has-text-align-center\"><em>Lucie, Alfred, Mathieu Dreyfus : L\u2019honneur incarn\u00e9<\/em><\/p>\n\n\n\n<p class=\"has-text-align-center\">Enfin, la Compagnie Les Signatures s\u2019est int\u00e9ress\u00e9e aux carnets et \u00e0 la correspondance d\u2019Alfred Dreyfus et de ses proches, son fr\u00e8re Mathieu et sa femme Lucie, depuis le bagne de l\u2019\u00cele du Diable. Notre \u00e9quipe litt\u00e9raire a cr\u00e9\u00e9 un montage de textes,&nbsp;<strong><em>Lucie, Alfred, Mathieu Dreyfus : L\u2019honneur incarn\u00e9<\/em><\/strong>, \u00e0 partir de lettres, d\u2019extraits de journaux intimes et de m\u00e9moires : autant de textes originaux \u2013 servis par Dani\u00e8le Lebrun et Alexandre Pavloff, com\u00e9diens de la Com\u00e9die-Fran\u00e7aise, Salom\u00e9 Benchimol promotion 2019\/2021 de l\u2019Acad\u00e9mie de la Com\u00e9die-Fran\u00e7aise et Alain Ghazal r\u00e9citant \u2013 qui permettront aux spectateurs d\u2019appr\u00e9cier l\u2019Affaire Dreyfus, comme s\u2019ils l\u2019avaient v\u00e9cue eux-m\u00eames.<\/p>\n\n\n\n<hr class=\"wp-block-separator has-alpha-channel-opacity\"\/>\n\n\n\n<p class=\"has-text-align-center has-large-font-size\"><strong>Les partenariats de la Compagnie Les Signatures<\/strong><\/p>\n\n\n\n<p class=\"has-text-align-center\"><strong>\u00c0 l\u2019initiative de Fran\u00e7oise Gillard<\/strong><\/p>\n\n\n\n<p class=\"has-text-align-center\"><em>Le bruit du bl\u00e9<\/em><\/p>\n\n\n\n<p class=\"has-text-align-center\">La Compagnie Les Signatures a co-produit le spectacle de Ga\u00ebl Faure&nbsp;<strong><em>Le Bruit du bl\u00e9<\/em><\/strong>, cr\u00e9\u00e9 en ao\u00fbt 2020 au Mucem \u00e0 Marseille. Cette forme artistique in\u00e9dite, mise en espace par Fran\u00e7oise Gillard et Am\u00e9lie Wendling, met Jean Giono \u00e0 l\u2019honneur : le jeune chanteur Ga\u00ebl Faure, passionn\u00e9 par l\u2019\u0153uvre de l\u2019\u00e9crivain, entrem\u00eale sur sc\u00e8ne certaines de ses chansons aux textes de Giono.<\/p>\n\n\n\n<p class=\"has-text-align-center\"><em>Didy<\/em><\/p>\n\n\n\n<p class=\"has-text-align-center\">La Compagnie Les Signatures a apport\u00e9 son soutien au projet de film documentaire de Ga\u00ebl Kamilindi de la Com\u00e9die-Fran\u00e7aise et de Fran\u00e7ois-Xavier Destors :&nbsp;<strong><em>Didy<\/em><\/strong>. Dans ce film, Ga\u00ebl Kamilindi part en qu\u00eate de son histoire, sur les traces de sa m\u00e8re, qu\u2019il a perdue \u00e0 l\u2019\u00e2ge de cinq ans, pendant son enfance au Burundi.<\/p>\n\n\n\n<p class=\"has-text-align-center\"><em>La Ballade de Souchon<\/em><\/p>\n\n\n\n<p class=\"has-text-align-center\">La Compagnie Les Signatures est \u00e9galement partenaire de&nbsp;<strong><em>La Ballade de Souchon<\/em><\/strong>, un spectacle musical mis en sc\u00e8ne par Fran\u00e7oise Gillard \u00e0 partir du r\u00e9pertoire d\u2019Alain Souchon, qui sera pr\u00e9sent\u00e9 au Studio-Th\u00e9\u00e2tre de la Com\u00e9die-Fran\u00e7aise.<\/p>\n\n\n\n<p><\/p>\n","protected":false},"excerpt":{"rendered":"<p>La Compagnie Les Signatures, constitu\u00e9e en 2015 par Fran\u00e7oise Gillard, soci\u00e9taire de la Com\u00e9die-Fran\u00e7aise, privil\u00e9gie la&nbsp;cr\u00e9ation. Ici pas de reprises de spectacles ant\u00e9rieurs, mais des \u0153uvres con\u00e7ues par des passionn\u00e9s de th\u00e9\u00e2tre, de danse, de musique, de litt\u00e9rature. Inspir\u00e9e par ses constantes lectures ou relectures, notre \u00e9quipe s\u2019attache avant tout \u00e0 \u00e9tablir des&nbsp;correspondances&nbsp;entre plusieurs disciplines,&hellip; <\/p>\n","protected":false},"author":1,"featured_media":13,"parent":0,"menu_order":0,"comment_status":"closed","ping_status":"closed","template":"","meta":{"footnotes":""},"class_list":["post-12","page","type-page","status-publish","has-post-thumbnail","hentry"],"_links":{"self":[{"href":"https:\/\/compagnielessignatures.com\/index.php?rest_route=\/wp\/v2\/pages\/12","targetHints":{"allow":["GET"]}}],"collection":[{"href":"https:\/\/compagnielessignatures.com\/index.php?rest_route=\/wp\/v2\/pages"}],"about":[{"href":"https:\/\/compagnielessignatures.com\/index.php?rest_route=\/wp\/v2\/types\/page"}],"author":[{"embeddable":true,"href":"https:\/\/compagnielessignatures.com\/index.php?rest_route=\/wp\/v2\/users\/1"}],"replies":[{"embeddable":true,"href":"https:\/\/compagnielessignatures.com\/index.php?rest_route=%2Fwp%2Fv2%2Fcomments&post=12"}],"version-history":[{"count":6,"href":"https:\/\/compagnielessignatures.com\/index.php?rest_route=\/wp\/v2\/pages\/12\/revisions"}],"predecessor-version":[{"id":4290,"href":"https:\/\/compagnielessignatures.com\/index.php?rest_route=\/wp\/v2\/pages\/12\/revisions\/4290"}],"wp:featuredmedia":[{"embeddable":true,"href":"https:\/\/compagnielessignatures.com\/index.php?rest_route=\/wp\/v2\/media\/13"}],"wp:attachment":[{"href":"https:\/\/compagnielessignatures.com\/index.php?rest_route=%2Fwp%2Fv2%2Fmedia&parent=12"}],"curies":[{"name":"wp","href":"https:\/\/api.w.org\/{rel}","templated":true}]}}